{"id":9973,"date":"2023-08-31T12:15:40","date_gmt":"2023-08-31T09:15:40","guid":{"rendered":"https:\/\/ortofix.fi\/kauppa\/?page_id=9973"},"modified":"2023-08-31T15:04:46","modified_gmt":"2023-08-31T12:04:46","slug":"toimitusehdot","status":"publish","type":"page","link":"https:\/\/ortofix.fi\/kauppa\/toimitusehdot\/","title":{"rendered":"Toimitusehdot"},"content":{"rendered":"\n<h1 class=\"wp-block-heading\">Toimitusehdot<\/h1>\n\n\n\n<div style=\"height:30px\" aria-hidden=\"true\" class=\"wp-block-spacer\"><\/div>\n\n\n\n<p><strong>Apuv\u00e4line ja Fysio Ortofix Oy 2775849-5<\/strong> (j\u00e4ljemp\u00e4n\u00e4 verkkokauppa) myy tuotteita yksityishenkil\u00f6ille Suomeen. Pid\u00e4t\u00e4mme oikeuden toimitusehtojen ja hintojen muutoksiin. Tuotteiden hinnat sis\u00e4lt\u00e4v\u00e4t arvonlis\u00e4veron.<\/p>\n\n\n\n<p>Verkkokaupan yhteystiedot<\/p>\n\n\n\n<p>S\u00e4hk\u00f6posti: info@ortofix.fi<\/p>\n\n\n\n<p>Puhelin: 0449765215<\/p>\n\n\n\n<p>Postiosoite: Palokunnankatu 15, 13100 H\u00e4meenlinna<\/p>\n\n\n\n<h3 class=\"wp-block-heading\"><strong>Tilaaminen<\/strong><\/h3>\n\n\n\n<p>Tilattavat tuotteet valitaan verkkosivuilla lis\u00e4\u00e4m\u00e4ll\u00e4 ne <strong>ostoskoriin<\/strong>. Tilaus l\u00e4hetet\u00e4\u00e4n maksamalla ostoskorin sis\u00e4lt\u00f6 verkkokaupan kassatoiminnossa. Tehdess\u00e4si tilauksen hyv\u00e4ksyt n\u00e4m\u00e4 toimitusehdot, tuotteiden hinnat sek\u00e4 toimituskulut. Mik\u00e4li tilaushetkell\u00e4 annetaan s\u00e4hk\u00f6postiosoite, tilauksesta l\u00e4hetet\u00e4\u00e4n tilausvahvistus s\u00e4hk\u00f6postitse. Tilausvahvistuksesta ilmenev\u00e4t tilatut tuotteet sek\u00e4 hinta.<\/p>\n\n\n\n<h3 class=\"wp-block-heading\">Maksaminen<\/h3>\n\n\n\n<p>Verkkokaupan maksuv\u00e4litt\u00e4j\u00e4n\u00e4 toimii <strong>Visma Pay<\/strong> (Visma Payments Oy, y-tunnus 2486559-4), joka on rekister\u00f6ity Finanssivalvonnan yll\u00e4pit\u00e4m\u00e4\u00e4n maksulaitosrekisteriin. Maksamiseen siirryt\u00e4\u00e4n Visma Payn verkkopalvelunkautta ja tiliotteella ja laskulla maksun saajana n\u00e4kyy Visma Pay tai Visma Payments Oy. Visma Pay v\u00e4litt\u00e4\u00e4 maksut verkkokauppiaalle. Maksaminen on turvallista, sill\u00e4 kaikki maksutapahtumaa koskevat tiedot v\u00e4litet\u00e4\u00e4n salattua yhteytt\u00e4 k\u00e4ytt\u00e4en niin ettei kukaan ulkopuolinen taho n\u00e4e maksutapahtuman tietoja.<\/p>\n\n\n\n<p>Kauppa syntyy verkkokaupan asiakkaan ja verkkokaupan v\u00e4lille. Verkkokaupan vastuulla ovat kaikki kauppaan liittyv\u00e4t velvoitteet.<\/p>\n\n\n\n<p>Lue lis\u00e4\u00e4 Visma Paysta: https:\/\/www.visma.fi\/vismapay\/<\/p>\n\n\n\n<h3 class=\"wp-block-heading\">Maksutavat<\/h3>\n\n\n\n<p>Visma Pay -palvelun kautta voit maksaa verkkopankkitunnuksilla, lompakolla, maksukorteilla (credit\/debit), laskulla tai osamaksulla. K\u00e4ytett\u00e4viss\u00e4 ovat seuraavat maksutavat: Osuuspankki, Nordea, Danske Bank, Oma S\u00e4\u00e4st\u00f6pankki, S\u00e4\u00e4st\u00f6pankki, Aktia, Paikallisosuuspankit, S-Pankki, Handelsbanken, \u00c5landsbanken, MobilePay, Masterpass, Pivo, Visa-, Visa Debit-, Visa Electron-, MasterCard- ja Debit MasterCard -kortit sek\u00e4 Jousto, Alisa Lasku ja Alisa Yrityslasku.<\/p>\n\n\n\n<p>MobilePay: Voit maksaa MobilePay-lompakollasi mik\u00e4li olet sallinut verkkokaupoissa maksamisen sovelluksen asetuksista. MobilePay-lompakolla suoritetut maksut veloitetaan lompakkoon liitetylt\u00e4 maksukortilta.<\/p>\n\n\n\n<p>Mik\u00e4li maksun veloittaminen maksukortilta ep\u00e4onnistuu, MobilePay-lompakolla maksaminen ei ole mahdollista verkkokaupassa.<\/p>\n\n\n\n<p>Pivo: K\u00e4ytt\u00f6ehdot ovat tarjolla Pivon sivuilla: <a href=\"https:\/\/pivo.fi\/kayttoehdot\/pivon-kayttoehdot\/\">https:\/\/pivo.fi\/kayttoehdot\/pivon-kayttoehdot\/<\/a><\/p>\n\n\n\n<p>Jousto lasku ja osamaksu on kotimainen palvelu, jolla teet ostoksesi nopeasti ja turvallisesti. Jousto on tarkoitettu yksityishenkil\u00f6ille, jotka ovat hoitaneet raha-asiansa moitteettomasti. Joustolla saat 30 vuorokautta korotonta ja kulutonta maksuaikaa. Laskun saatuasi voit p\u00e4\u00e4tt\u00e4\u00e4 maksatko sen kokonaan vai osissa. Osamaksulla voit maksaa ostoksesi jopa 36:ssa er\u00e4ss\u00e4, alkaen 9,90 eur\/kk. Jousto osamaksun kustannukset ovat 3,90 eur\/kk ja 19,90%:n luottokorko. Voit maksaa Joustolla 30\u20133000 euron ostoksia. Luotonmy\u00f6nt\u00e4j\u00e4n\u00e4 toimii Aurajoki Nordic Oy. Lue lis\u00e4\u00e4 Joustosta osoitteessa www.jousto.com.<\/p>\n\n\n\n<p>OP Lasku &#8211; Joustava tapa maksaa verkko-ostokset. Kaikkien pankkien asiakkaille. OP Laskulla voit tehd\u00e4 enint\u00e4\u00e4n 5 000 euron suuruisia ostoksia ja maksaa ne korottomasti pois 45 vuorokauden sis\u00e4ll\u00e4.<\/p>\n\n\n\n<p>Halutessasi voit pilkkoa laskun useampaan maksuer\u00e4\u00e4n. Ostoksesi n\u00e4kyv\u00e4t yhdess\u00e4 paikassa, joten pysyt helposti perill\u00e4 rahan k\u00e4yt\u00f6st\u00e4. Luottorajan avulla pid\u00e4t kulutuksen haluamissasi rajoissa. Saat laskut k\u00e4tev\u00e4sti s\u00e4hk\u00f6postiisi. Verkkopalvelussamme n\u00e4et tietoja OP Laskun k\u00e4yt\u00f6st\u00e4si ja tekemiesi ostosten summan. Voit k\u00e4ytt\u00e4\u00e4 OP Laskua, jos olet maksukykyinen yli 20-vuotias, ja sinulla on suomalaisen pankin verkkotunnukset. Lis\u00e4tietoja OP Laskuun liittyen l\u00f6yd\u00e4t osoitteesta: <a href=\"https:\/\/www.op.fi\/henkiloasiakkaat\/paivittaiset\/maksaminen\/op-lasku\">https:\/\/www.op.fi\/henkiloasiakkaat\/paivittaiset\/maksaminen\/op-lasku<\/a><\/p>\n\n\n\n<p>Alisa Lasku on joustava ja turvallinen maksutapa. Maksutapa sopii kaikille yli 20-vuotiaille kuluttajille kaiken tyyppisiin ostoksiin. Halutessasi voit jakaa laskun pienempiin osiin ja maksaa takaisin jopa 60 er\u00e4ss\u00e4. Lis\u00e4tietoja Alisa Laskuun liittyen l\u00f6yd\u00e4t osoitteesta: https:\/\/www.alisapankki.fi\/<\/p>\n\n\n\n<p>Alisa Yrityslasku on joustava ja turvallinen maksutapa yrityksille. Maksutapa sopii kaikille suomalaisille yrityksille yhti\u00f6muodosta riippumatta. Ostajan osto-oikeus varmennetaan kokonaan digitaalisesti ja ostotapahtuma vie vain muutaman minuutin. Yritys voi itse valita sopivan maksuajan kolmesta eri vaihtoehdosta: 14 p\u00e4iv\u00e4\u00e4, 30 p\u00e4iv\u00e4\u00e4 tai 60 p\u00e4iv\u00e4\u00e4. Lis\u00e4tietoja Alisa Yrityslaskuun liittyen l\u00f6yd\u00e4t osoitteesta: <a href=\"https:\/\/www.alisapankki.fi\/\">https:\/\/www.alisapankki.fi\/<\/a><\/p>\n\n\n\n<h3 class=\"wp-block-heading\">Visma Pay -maksupalvelun yhteystiedot<\/h3>\n\n\n\n<p>Visma Payments Oy (Y-tunnus 2486559-4)<\/p>\n\n\n\n<p>S\u00e4hk\u00f6posti: helpdesk@vismapay.com<\/p>\n\n\n\n<p>Puhelin: 09 315 42 037 (arkisin klo 9-16)<\/p>\n\n\n\n<p>Postiosoite: Brahenkatu 4, 53100 Lappeenranta<\/p>\n\n\n\n<h3 class=\"wp-block-heading\">Toimitus<\/h3>\n\n\n\n<p>Tilauksia postitetaan arkip\u00e4ivisin. Varastosta toimitettavien tuotteiden toimitusaika on yleens\u00e4 3-5 arkip\u00e4iv\u00e4\u00e4. Mik\u00e4li toimitettavat tuotteet ovat tilaustuotteita, toimitusaika on yleens\u00e4 1-3 viikkoa.<\/p>\n\n\n\n<p>Toimituskulut m\u00e4\u00e4r\u00e4ytyv\u00e4t valitun toimitustavan, mahdollisten lis\u00e4palvelujen, tilauksen painon ja koon mukaan. N\u00e4et toimituskulut verkkokaupan kassatoiminnossa ennen tilauksen lopullista hyv\u00e4ksymist\u00e4.<\/p>\n\n\n\n<p>Mik\u00e4li tuote on kadonnut tai vioittunut toimituksen aikana, tulee t\u00e4st\u00e4 ilmoittaa viipym\u00e4tt\u00e4, mutta kuitenkin 14 vuorokauden kuluessa verkkokaupalle. Toimituksessa vioittuneista paketeista tulee viipym\u00e4tt\u00e4 ilmoittaa toimituksesta vastanneelle yhti\u00f6lle.<\/p>\n\n\n\n<h3 class=\"wp-block-heading\">Palautukset<\/h3>\n\n\n\n<p>Verkkokaupan asiakkaalla on kuluttajansuojalain mukainen 14 vuorokauden vaihto- ja palautusoikeus. Asiakkaalla on oikeus vaihtaa tai palauttaa osa tai kaikki tilauksen tuotteet. Palautettavat tai vaihdettavat tuotteet tulee olla alkuper\u00e4ispakkauksessa ja myyntikuntoisia. Halutessasi palauttaa tai vaihtaa tuotteita, ota ensin yhteytt\u00e4 verkkokauppaan ja kysy palautusohjeita. Liit\u00e4th\u00e4n palautukseen mukaan nimesi, yhteystietosi sek\u00e4 tilinumerosi mahdollista maksunpalautusta varten.<\/p>\n\n\n\n<h3 class=\"wp-block-heading\">Tilauksen peruuttaminen, virhevastuu ja reklamaatiot<\/h3>\n\n\n\n<p>Ennen tilauksen toimitusta tilauksen voi peruuttaa kirjallisella ilmoituksella s\u00e4hk\u00f6postitse.<\/p>\n\n\n\n<p>Verkkokaupalla on lakis\u00e4\u00e4teinen virhevastuu myydyist\u00e4 tuotteista. Reklamaatiotapauksissa pyyd\u00e4mme olemaan yhteydess\u00e4 asiakaspalveluumme. Kuluttajalla on oikeus vied\u00e4 mahdolliset riitatilanteet kuluttajariitalautakunnan ratkaistavaksi.<\/p>\n","protected":false},"excerpt":{"rendered":"<p>Toimitusehdot Apuv\u00e4line ja Fysio Ortofix Oy 2775849-5 (j\u00e4ljemp\u00e4n\u00e4 verkkokauppa) myy tuotteita yksityishenkil\u00f6ille Suomeen. Pid\u00e4t\u00e4mme oikeuden toimitusehtojen ja hintojen muutoksiin. Tuotteiden hinnat sis\u00e4lt\u00e4v\u00e4t arvonlis\u00e4veron. Verkkokaupan yhteystiedot S\u00e4hk\u00f6posti: info@ortofix.fi Puhelin: 0449765215 Postiosoite: Palokunnankatu 15, 13100 H\u00e4meenlinna Tilaaminen Tilattavat tuotteet valitaan verkkosivuilla lis\u00e4\u00e4m\u00e4ll\u00e4 ne ostoskoriin. Tilaus l\u00e4hetet\u00e4\u00e4n maksamalla ostoskorin sis\u00e4lt\u00f6 verkkokaupan kassatoiminnossa. Tehdess\u00e4si tilauksen hyv\u00e4ksyt n\u00e4m\u00e4 toimitusehdot, tuotteiden [&hellip;]<\/p>\n","protected":false},"author":1,"featured_media":0,"parent":0,"menu_order":0,"comment_status":"closed","ping_status":"closed","template":"","meta":{"footnotes":""},"class_list":["post-9973","page","type-page","status-publish","hentry"],"yoast_head":"<!-- This site is optimized with the Yoast SEO plugin v26.4 - https:\/\/yoast.com\/wordpress\/plugins\/seo\/ -->\n<title>Toimitusehdot - Ortofix<\/title>\n<meta name=\"robots\" content=\"index, follow, max-snippet:-1, max-image-preview:large, max-video-preview:-1\" \/>\n<link rel=\"canonical\" href=\"https:\/\/ortofix.fi\/kauppa\/toimitusehdot\/\" \/>\n<meta property=\"og:locale\" content=\"fi_FI\" \/>\n<meta property=\"og:type\" content=\"article\" \/>\n<meta property=\"og:title\" content=\"Toimitusehdot - Ortofix\" \/>\n<meta property=\"og:description\" content=\"Toimitusehdot Apuv\u00e4line ja Fysio Ortofix Oy 2775849-5 (j\u00e4ljemp\u00e4n\u00e4 verkkokauppa) myy tuotteita yksityishenkil\u00f6ille Suomeen. Pid\u00e4t\u00e4mme oikeuden toimitusehtojen ja hintojen muutoksiin. Tuotteiden hinnat sis\u00e4lt\u00e4v\u00e4t arvonlis\u00e4veron. Verkkokaupan yhteystiedot S\u00e4hk\u00f6posti: info@ortofix.fi Puhelin: 0449765215 Postiosoite: Palokunnankatu 15, 13100 H\u00e4meenlinna Tilaaminen Tilattavat tuotteet valitaan verkkosivuilla lis\u00e4\u00e4m\u00e4ll\u00e4 ne ostoskoriin. Tilaus l\u00e4hetet\u00e4\u00e4n maksamalla ostoskorin sis\u00e4lt\u00f6 verkkokaupan kassatoiminnossa. Tehdess\u00e4si tilauksen hyv\u00e4ksyt n\u00e4m\u00e4 toimitusehdot, tuotteiden [&hellip;]\" \/>\n<meta property=\"og:url\" content=\"https:\/\/ortofix.fi\/kauppa\/toimitusehdot\/\" \/>\n<meta property=\"og:site_name\" content=\"Ortofix\" \/>\n<meta property=\"article:modified_time\" content=\"2023-08-31T12:04:46+00:00\" \/>\n<meta name=\"twitter:card\" content=\"summary_large_image\" \/>\n<meta name=\"twitter:label1\" content=\"Arvioitu lukuaika\" \/>\n\t<meta name=\"twitter:data1\" content=\"5 minuuttia\" \/>\n<script type=\"application\/ld+json\" class=\"yoast-schema-graph\">{\"@context\":\"https:\/\/schema.org\",\"@graph\":[{\"@type\":\"WebPage\",\"@id\":\"https:\/\/ortofix.fi\/kauppa\/toimitusehdot\/\",\"url\":\"https:\/\/ortofix.fi\/kauppa\/toimitusehdot\/\",\"name\":\"Toimitusehdot - Ortofix\",\"isPartOf\":{\"@id\":\"https:\/\/ortofix.fi\/kauppa\/#website\"},\"datePublished\":\"2023-08-31T09:15:40+00:00\",\"dateModified\":\"2023-08-31T12:04:46+00:00\",\"breadcrumb\":{\"@id\":\"https:\/\/ortofix.fi\/kauppa\/toimitusehdot\/#breadcrumb\"},\"inLanguage\":\"fi\",\"potentialAction\":[{\"@type\":\"ReadAction\",\"target\":[\"https:\/\/ortofix.fi\/kauppa\/toimitusehdot\/\"]}]},{\"@type\":\"BreadcrumbList\",\"@id\":\"https:\/\/ortofix.fi\/kauppa\/toimitusehdot\/#breadcrumb\",\"itemListElement\":[{\"@type\":\"ListItem\",\"position\":1,\"name\":\"Home\",\"item\":\"https:\/\/ortofix.fi\/kauppa\/\"},{\"@type\":\"ListItem\",\"position\":2,\"name\":\"Toimitusehdot\"}]},{\"@type\":\"WebSite\",\"@id\":\"https:\/\/ortofix.fi\/kauppa\/#website\",\"url\":\"https:\/\/ortofix.fi\/kauppa\/\",\"name\":\"Ortofix\",\"description\":\"\",\"potentialAction\":[{\"@type\":\"SearchAction\",\"target\":{\"@type\":\"EntryPoint\",\"urlTemplate\":\"https:\/\/ortofix.fi\/kauppa\/?s={search_term_string}\"},\"query-input\":{\"@type\":\"PropertyValueSpecification\",\"valueRequired\":true,\"valueName\":\"search_term_string\"}}],\"inLanguage\":\"fi\"}]}<\/script>\n<!-- \/ Yoast SEO plugin. -->","yoast_head_json":{"title":"Toimitusehdot - Ortofix","robots":{"index":"index","follow":"follow","max-snippet":"max-snippet:-1","max-image-preview":"max-image-preview:large","max-video-preview":"max-video-preview:-1"},"canonical":"https:\/\/ortofix.fi\/kauppa\/toimitusehdot\/","og_locale":"fi_FI","og_type":"article","og_title":"Toimitusehdot - Ortofix","og_description":"Toimitusehdot Apuv\u00e4line ja Fysio Ortofix Oy 2775849-5 (j\u00e4ljemp\u00e4n\u00e4 verkkokauppa) myy tuotteita yksityishenkil\u00f6ille Suomeen. Pid\u00e4t\u00e4mme oikeuden toimitusehtojen ja hintojen muutoksiin. Tuotteiden hinnat sis\u00e4lt\u00e4v\u00e4t arvonlis\u00e4veron. Verkkokaupan yhteystiedot S\u00e4hk\u00f6posti: info@ortofix.fi Puhelin: 0449765215 Postiosoite: Palokunnankatu 15, 13100 H\u00e4meenlinna Tilaaminen Tilattavat tuotteet valitaan verkkosivuilla lis\u00e4\u00e4m\u00e4ll\u00e4 ne ostoskoriin. Tilaus l\u00e4hetet\u00e4\u00e4n maksamalla ostoskorin sis\u00e4lt\u00f6 verkkokaupan kassatoiminnossa. Tehdess\u00e4si tilauksen hyv\u00e4ksyt n\u00e4m\u00e4 toimitusehdot, tuotteiden [&hellip;]","og_url":"https:\/\/ortofix.fi\/kauppa\/toimitusehdot\/","og_site_name":"Ortofix","article_modified_time":"2023-08-31T12:04:46+00:00","twitter_card":"summary_large_image","twitter_misc":{"Arvioitu lukuaika":"5 minuuttia"},"schema":{"@context":"https:\/\/schema.org","@graph":[{"@type":"WebPage","@id":"https:\/\/ortofix.fi\/kauppa\/toimitusehdot\/","url":"https:\/\/ortofix.fi\/kauppa\/toimitusehdot\/","name":"Toimitusehdot - Ortofix","isPartOf":{"@id":"https:\/\/ortofix.fi\/kauppa\/#website"},"datePublished":"2023-08-31T09:15:40+00:00","dateModified":"2023-08-31T12:04:46+00:00","breadcrumb":{"@id":"https:\/\/ortofix.fi\/kauppa\/toimitusehdot\/#breadcrumb"},"inLanguage":"fi","potentialAction":[{"@type":"ReadAction","target":["https:\/\/ortofix.fi\/kauppa\/toimitusehdot\/"]}]},{"@type":"BreadcrumbList","@id":"https:\/\/ortofix.fi\/kauppa\/toimitusehdot\/#breadcrumb","itemListElement":[{"@type":"ListItem","position":1,"name":"Home","item":"https:\/\/ortofix.fi\/kauppa\/"},{"@type":"ListItem","position":2,"name":"Toimitusehdot"}]},{"@type":"WebSite","@id":"https:\/\/ortofix.fi\/kauppa\/#website","url":"https:\/\/ortofix.fi\/kauppa\/","name":"Ortofix","description":"","potentialAction":[{"@type":"SearchAction","target":{"@type":"EntryPoint","urlTemplate":"https:\/\/ortofix.fi\/kauppa\/?s={search_term_string}"},"query-input":{"@type":"PropertyValueSpecification","valueRequired":true,"valueName":"search_term_string"}}],"inLanguage":"fi"}]}},"_links":{"self":[{"href":"https:\/\/ortofix.fi\/kauppa\/wp-json\/wp\/v2\/pages\/9973","targetHints":{"allow":["GET"]}}],"collection":[{"href":"https:\/\/ortofix.fi\/kauppa\/wp-json\/wp\/v2\/pages"}],"about":[{"href":"https:\/\/ortofix.fi\/kauppa\/wp-json\/wp\/v2\/types\/page"}],"author":[{"embeddable":true,"href":"https:\/\/ortofix.fi\/kauppa\/wp-json\/wp\/v2\/users\/1"}],"replies":[{"embeddable":true,"href":"https:\/\/ortofix.fi\/kauppa\/wp-json\/wp\/v2\/comments?post=9973"}],"version-history":[{"count":5,"href":"https:\/\/ortofix.fi\/kauppa\/wp-json\/wp\/v2\/pages\/9973\/revisions"}],"predecessor-version":[{"id":9981,"href":"https:\/\/ortofix.fi\/kauppa\/wp-json\/wp\/v2\/pages\/9973\/revisions\/9981"}],"wp:attachment":[{"href":"https:\/\/ortofix.fi\/kauppa\/wp-json\/wp\/v2\/media?parent=9973"}],"curies":[{"name":"wp","href":"https:\/\/api.w.org\/{rel}","templated":true}]}}