{"id":600,"date":"2017-11-18T00:24:48","date_gmt":"2017-11-17T22:24:48","guid":{"rendered":"http:\/\/ortofix.fi\/kauppa\/?page_id=600"},"modified":"2017-11-23T11:18:35","modified_gmt":"2017-11-23T09:18:35","slug":"palautukset","status":"publish","type":"page","link":"https:\/\/ortofix.fi\/kauppa\/palautukset\/","title":{"rendered":"Palautukset"},"content":{"rendered":"<p>Asiakkaalla on\u00a014 p\u00e4iv\u00e4n palautusoikeus. Palautusoikeusaikaan ei lasketa kuljetukseen kuluvaa aikaa. Palautus tulee l\u00e4hett\u00e4\u00e4 14 p\u00e4iv\u00e4n kuluessa tilauksen vastaanottamisesta samalla tavalla, kun se on toimitettu. <strong>Palautuksesta aiheutuvat kulut v\u00e4hennet\u00e4\u00e4n asiakkaalle hyvitett\u00e4v\u00e4st\u00e4 summasta<\/strong>.<\/p>\n<p><strong>Palautuksesta tulee ilmoittaa ennakkoon\u00a0s\u00e4hk\u00f6postitse osoitteeseen\u00a0info(at)ortofix.fi\u00a0tai puhelimitse numeroon\u00a0044 9765215(ma-pe klo 9.00 \u2013 17.00)<\/strong><\/p>\n<p>Pyyd\u00e4mme ilmoituksessanne kuitenkin yst\u00e4v\u00e4llisesti ilmoittamaan:<\/p>\n<p>Palautuksen syyn (mik\u00e4li vioittunut tai v\u00e4\u00e4r\u00e4 tuote)<\/p>\n<p>Tilaajan tunnistetiedot (nimi \/ tilausnumero)<\/p>\n<p>Haluatteko vain palauttaa tuotteen ja saada rahat takaisin tilille vai toivotteko, ett\u00e4 l\u00e4het\u00e4mme vastaavan tuotteen vioittuneen tai v\u00e4\u00e4r\u00e4n tuotteen tilalle (ja hyvit\u00e4mme mahd. erotuksen).<\/p>\n<p>Rahojen palautusta varten pyyd\u00e4mme ilmoittamaan tilinumeron.<\/p>\n<p>Palautusoikeus koskee vain k\u00e4ytt\u00e4m\u00e4tt\u00f6mi\u00e4 ja myyntikelpoisia tuotteita.\u00a0Tuotetta voi sovittaa, mutta palautettavan tuotteen tulee olla alkuper\u00e4isess\u00e4 kunnossaan. K\u00e4ytettyjen tai vaurioituneiden tuotteiden hintaa ei korvata. Mik\u00e4li tuotteen saadessasi huomaat siin\u00e4 jotain kuljetuksen aikana syntyneit\u00e4 vaurioita, ilmoitathan siit\u00e4 viipym\u00e4tt\u00e4 meille ja sovi vaihdosta tai palautuksesta.<\/p>\n<p>Tukisukat ovat hygieniatuotteita ja niit\u00e4 ei voi palauttaa (Kuluttajansuojalaki: 6 luku, 16 \u00a7).<\/p>\n<p>Rahat palautetaan asiakkaalle v\u00e4litt\u00f6m\u00e4sti, kun palautettu tuote on todettu myyntikuntoiseksi. Palautus tapahtuu samalla tavalla, kun tuote on maksettu. Mik\u00e4li ei muuta sovita.<\/p>\n<p>Palauttaessa on k\u00e4ytett\u00e4v\u00e4 l\u00e4hetysvahvistuksen mukana tullutta matkahuollon palautustunnusta (paitsi kirje). Emme hyvit\u00e4 asiakkaalle muista toimitustavoista koituneita palautuskuluja.<\/p>\n<p>Mik\u00e4li myyj\u00e4lle palautettu tuote todetaan myyntikelvottomaksi, tuote palautetaan asiakkaalle siten, ett\u00e4 l\u00e4hetyskulut tulevat asiakkaan maksettavaksi.<\/p>\n<p>Pyyd\u00e4mme palauttamaan Matkahuollolla saapuneet tuotteet Matkahuollon kautta\u00a0asiakaspalautuksena:<br \/>\nMatkahuollon asiakaspalautuskoodi:\u00a09530524<br \/>\nApuv\u00e4line ja Fysio Ortofix Oy, Palokunnankatu 15, 13100 H\u00e4meenlinna<\/p>\n<p>Pyyd\u00e4mme palauttamaan kirjeitse saapuneet tuotteet kirjeell\u00e4. Apuv\u00e4line ja Fysio Ortofix Oy, Palokunnankatu 15, 13100 H\u00e4meenlinna<\/p>\n<p>&nbsp;<\/p>\n","protected":false},"excerpt":{"rendered":"<p>Asiakkaalla on\u00a014 p\u00e4iv\u00e4n palautusoikeus. Palautusoikeusaikaan ei lasketa kuljetukseen kuluvaa aikaa. Palautus tulee l\u00e4hett\u00e4\u00e4 14 p\u00e4iv\u00e4n kuluessa tilauksen vastaanottamisesta samalla tavalla, kun se on toimitettu. Palautuksesta aiheutuvat kulut v\u00e4hennet\u00e4\u00e4n asiakkaalle hyvitett\u00e4v\u00e4st\u00e4 summasta. Palautuksesta tulee ilmoittaa ennakkoon\u00a0s\u00e4hk\u00f6postitse osoitteeseen\u00a0info(at)ortofix.fi\u00a0tai puhelimitse numeroon\u00a0044 9765215(ma-pe klo 9.00 \u2013 17.00) Pyyd\u00e4mme ilmoituksessanne kuitenkin yst\u00e4v\u00e4llisesti ilmoittamaan: Palautuksen syyn (mik\u00e4li vioittunut tai v\u00e4\u00e4r\u00e4 tuote) [&hellip;]<\/p>\n","protected":false},"author":1,"featured_media":0,"parent":0,"menu_order":0,"comment_status":"closed","ping_status":"closed","template":"","meta":{"footnotes":""},"class_list":["post-600","page","type-page","status-publish","hentry"],"yoast_head":"<!-- This site is optimized with the Yoast SEO plugin v26.4 - https:\/\/yoast.com\/wordpress\/plugins\/seo\/ -->\n<title>Palautukset - Ortofix<\/title>\n<meta name=\"robots\" content=\"index, follow, max-snippet:-1, max-image-preview:large, max-video-preview:-1\" \/>\n<link rel=\"canonical\" href=\"https:\/\/ortofix.fi\/kauppa\/palautukset\/\" \/>\n<meta property=\"og:locale\" content=\"fi_FI\" \/>\n<meta property=\"og:type\" content=\"article\" \/>\n<meta property=\"og:title\" content=\"Palautukset - Ortofix\" \/>\n<meta property=\"og:description\" content=\"Asiakkaalla on\u00a014 p\u00e4iv\u00e4n palautusoikeus. Palautusoikeusaikaan ei lasketa kuljetukseen kuluvaa aikaa. Palautus tulee l\u00e4hett\u00e4\u00e4 14 p\u00e4iv\u00e4n kuluessa tilauksen vastaanottamisesta samalla tavalla, kun se on toimitettu. Palautuksesta aiheutuvat kulut v\u00e4hennet\u00e4\u00e4n asiakkaalle hyvitett\u00e4v\u00e4st\u00e4 summasta. Palautuksesta tulee ilmoittaa ennakkoon\u00a0s\u00e4hk\u00f6postitse osoitteeseen\u00a0info(at)ortofix.fi\u00a0tai puhelimitse numeroon\u00a0044 9765215(ma-pe klo 9.00 \u2013 17.00) Pyyd\u00e4mme ilmoituksessanne kuitenkin yst\u00e4v\u00e4llisesti ilmoittamaan: Palautuksen syyn (mik\u00e4li vioittunut tai v\u00e4\u00e4r\u00e4 tuote) [&hellip;]\" \/>\n<meta property=\"og:url\" content=\"https:\/\/ortofix.fi\/kauppa\/palautukset\/\" \/>\n<meta property=\"og:site_name\" content=\"Ortofix\" \/>\n<meta property=\"article:modified_time\" content=\"2017-11-23T09:18:35+00:00\" \/>\n<meta name=\"twitter:card\" content=\"summary_large_image\" \/>\n<meta name=\"twitter:label1\" content=\"Arvioitu lukuaika\" \/>\n\t<meta name=\"twitter:data1\" content=\"1 minuutti\" \/>\n<script type=\"application\/ld+json\" class=\"yoast-schema-graph\">{\"@context\":\"https:\/\/schema.org\",\"@graph\":[{\"@type\":\"WebPage\",\"@id\":\"https:\/\/ortofix.fi\/kauppa\/palautukset\/\",\"url\":\"https:\/\/ortofix.fi\/kauppa\/palautukset\/\",\"name\":\"Palautukset - Ortofix\",\"isPartOf\":{\"@id\":\"https:\/\/ortofix.fi\/kauppa\/#website\"},\"datePublished\":\"2017-11-17T22:24:48+00:00\",\"dateModified\":\"2017-11-23T09:18:35+00:00\",\"breadcrumb\":{\"@id\":\"https:\/\/ortofix.fi\/kauppa\/palautukset\/#breadcrumb\"},\"inLanguage\":\"fi\",\"potentialAction\":[{\"@type\":\"ReadAction\",\"target\":[\"https:\/\/ortofix.fi\/kauppa\/palautukset\/\"]}]},{\"@type\":\"BreadcrumbList\",\"@id\":\"https:\/\/ortofix.fi\/kauppa\/palautukset\/#breadcrumb\",\"itemListElement\":[{\"@type\":\"ListItem\",\"position\":1,\"name\":\"Home\",\"item\":\"https:\/\/ortofix.fi\/kauppa\/\"},{\"@type\":\"ListItem\",\"position\":2,\"name\":\"Palautukset\"}]},{\"@type\":\"WebSite\",\"@id\":\"https:\/\/ortofix.fi\/kauppa\/#website\",\"url\":\"https:\/\/ortofix.fi\/kauppa\/\",\"name\":\"Ortofix\",\"description\":\"\",\"potentialAction\":[{\"@type\":\"SearchAction\",\"target\":{\"@type\":\"EntryPoint\",\"urlTemplate\":\"https:\/\/ortofix.fi\/kauppa\/?s={search_term_string}\"},\"query-input\":{\"@type\":\"PropertyValueSpecification\",\"valueRequired\":true,\"valueName\":\"search_term_string\"}}],\"inLanguage\":\"fi\"}]}<\/script>\n<!-- \/ Yoast SEO plugin. -->","yoast_head_json":{"title":"Palautukset - Ortofix","robots":{"index":"index","follow":"follow","max-snippet":"max-snippet:-1","max-image-preview":"max-image-preview:large","max-video-preview":"max-video-preview:-1"},"canonical":"https:\/\/ortofix.fi\/kauppa\/palautukset\/","og_locale":"fi_FI","og_type":"article","og_title":"Palautukset - Ortofix","og_description":"Asiakkaalla on\u00a014 p\u00e4iv\u00e4n palautusoikeus. Palautusoikeusaikaan ei lasketa kuljetukseen kuluvaa aikaa. Palautus tulee l\u00e4hett\u00e4\u00e4 14 p\u00e4iv\u00e4n kuluessa tilauksen vastaanottamisesta samalla tavalla, kun se on toimitettu. Palautuksesta aiheutuvat kulut v\u00e4hennet\u00e4\u00e4n asiakkaalle hyvitett\u00e4v\u00e4st\u00e4 summasta. Palautuksesta tulee ilmoittaa ennakkoon\u00a0s\u00e4hk\u00f6postitse osoitteeseen\u00a0info(at)ortofix.fi\u00a0tai puhelimitse numeroon\u00a0044 9765215(ma-pe klo 9.00 \u2013 17.00) Pyyd\u00e4mme ilmoituksessanne kuitenkin yst\u00e4v\u00e4llisesti ilmoittamaan: Palautuksen syyn (mik\u00e4li vioittunut tai v\u00e4\u00e4r\u00e4 tuote) [&hellip;]","og_url":"https:\/\/ortofix.fi\/kauppa\/palautukset\/","og_site_name":"Ortofix","article_modified_time":"2017-11-23T09:18:35+00:00","twitter_card":"summary_large_image","twitter_misc":{"Arvioitu lukuaika":"1 minuutti"},"schema":{"@context":"https:\/\/schema.org","@graph":[{"@type":"WebPage","@id":"https:\/\/ortofix.fi\/kauppa\/palautukset\/","url":"https:\/\/ortofix.fi\/kauppa\/palautukset\/","name":"Palautukset - Ortofix","isPartOf":{"@id":"https:\/\/ortofix.fi\/kauppa\/#website"},"datePublished":"2017-11-17T22:24:48+00:00","dateModified":"2017-11-23T09:18:35+00:00","breadcrumb":{"@id":"https:\/\/ortofix.fi\/kauppa\/palautukset\/#breadcrumb"},"inLanguage":"fi","potentialAction":[{"@type":"ReadAction","target":["https:\/\/ortofix.fi\/kauppa\/palautukset\/"]}]},{"@type":"BreadcrumbList","@id":"https:\/\/ortofix.fi\/kauppa\/palautukset\/#breadcrumb","itemListElement":[{"@type":"ListItem","position":1,"name":"Home","item":"https:\/\/ortofix.fi\/kauppa\/"},{"@type":"ListItem","position":2,"name":"Palautukset"}]},{"@type":"WebSite","@id":"https:\/\/ortofix.fi\/kauppa\/#website","url":"https:\/\/ortofix.fi\/kauppa\/","name":"Ortofix","description":"","potentialAction":[{"@type":"SearchAction","target":{"@type":"EntryPoint","urlTemplate":"https:\/\/ortofix.fi\/kauppa\/?s={search_term_string}"},"query-input":{"@type":"PropertyValueSpecification","valueRequired":true,"valueName":"search_term_string"}}],"inLanguage":"fi"}]}},"_links":{"self":[{"href":"https:\/\/ortofix.fi\/kauppa\/wp-json\/wp\/v2\/pages\/600","targetHints":{"allow":["GET"]}}],"collection":[{"href":"https:\/\/ortofix.fi\/kauppa\/wp-json\/wp\/v2\/pages"}],"about":[{"href":"https:\/\/ortofix.fi\/kauppa\/wp-json\/wp\/v2\/types\/page"}],"author":[{"embeddable":true,"href":"https:\/\/ortofix.fi\/kauppa\/wp-json\/wp\/v2\/users\/1"}],"replies":[{"embeddable":true,"href":"https:\/\/ortofix.fi\/kauppa\/wp-json\/wp\/v2\/comments?post=600"}],"version-history":[{"count":3,"href":"https:\/\/ortofix.fi\/kauppa\/wp-json\/wp\/v2\/pages\/600\/revisions"}],"predecessor-version":[{"id":1539,"href":"https:\/\/ortofix.fi\/kauppa\/wp-json\/wp\/v2\/pages\/600\/revisions\/1539"}],"wp:attachment":[{"href":"https:\/\/ortofix.fi\/kauppa\/wp-json\/wp\/v2\/media?parent=600"}],"curies":[{"name":"wp","href":"https:\/\/api.w.org\/{rel}","templated":true}]}}