{"id":591,"date":"2017-11-18T00:15:45","date_gmt":"2017-11-17T22:15:45","guid":{"rendered":"http:\/\/ortofix.fi\/kauppa\/?page_id=591"},"modified":"2023-08-31T12:13:20","modified_gmt":"2023-08-31T09:13:20","slug":"toimitus-ja-maksutavat","status":"publish","type":"page","link":"https:\/\/ortofix.fi\/kauppa\/toimitus-ja-maksutavat\/","title":{"rendered":"Toimitustavat"},"content":{"rendered":"<p>Tilaamasi tuotteiden toimitusaika on<strong> 1-2 viikkoa<\/strong>. Poikkeuksellisista toimitusajoista on maininta tuotteen kohdalla verkkokaupassa. Saat toimituksen mukana l\u00e4hetysvahvistuksen, joka toimii kuittina ostoksestasi ja mahdollisena takuutodistuksena. Tilauksen j\u00e4lkeen saat s\u00e4hk\u00f6postiisi tilausvahvistuksen. Pyrimme aina mahdollisimman pikaiseen toimitukseen. Olemme asiakkaisiin mahdollisimman pikaisesti yhteydess\u00e4 s\u00e4hk\u00f6postitse tai puhelimitse mik\u00e4li havaitsemme toimitusajan kest\u00e4v\u00e4n normaalia pidemp\u00e4\u00e4n.<\/p>\n<p>Toimitamme tilauksia vain Suomeen ja toistaiseksi emme voi toimittaa tilauksia Ahvenanmaan maakuntaan. Verkkokauppasivuilla mainitut toimitustavat koskevat vain toimituksia Apuv\u00e4line ja Fysio Ortofix Oy:n -verkkokaupasta. Mahdolliset toimitustavat voivat vaihdella sen mukaan mit\u00e4 tuotteita on valittu ostoskoriin. N\u00e4et tuotteille mahdolliset toimitustavat hintoineen ostoskorissa. Tilauksellesi voit valita tarjolla olevista toimitusvaihtoehdoista sopivimman. Riippuen tilaamistasi tuotteista ja niiden koosta, tarjolla on seuraavat toimitustavat:<\/p>\n<h2>Kirje 2,5 \u20ac<\/h2>\n<p>Pienet tuotteet voidaan l\u00e4hett\u00e4\u00e4 my\u00f6s kirjeitse. Alkuper\u00e4ist\u00e4pakkausta saatetaan joutua hieman muokkaamaan kirjeeseen sopivaksi. Ei sovellu usean tuotteen toimitukseen. Kirjeest\u00e4 ei saa l\u00e4hetystunnusta ja se voi olla matkalla useamman p\u00e4iv\u00e4n.<\/p>\n<h2>Matkahuollon l\u00e4hell\u00e4 paketti 7,90 \u20ac.<\/h2>\n<p>Nouto l\u00e4himm\u00e4st\u00e4 Matkahuollon noutopisteest\u00e4: Matkahuolto, Matkahuolto-asiamies, K-Market, R-Kioski, Tokmanni tai muu Matkahuollon pakettipiste. Tuotteet toimitetaan valitsemaasi Matkahuollon noutopisteeseen 1-2 viikossa. Sovellus tarjoaa viitt\u00e4 l\u00e4hint\u00e4 noutopistett\u00e4. Saat saapumisilmoituksen s\u00e4hk\u00f6postilla tai tekstiviestin\u00e4. Paketti luovutetaan henkil\u00f6todistusta vastaan. Henkil\u00f6llisyyden voi todistaa ajokortilla, passilla tai poliisin my\u00f6nt\u00e4m\u00e4ll\u00e4 henkil\u00f6kortilla. Jos paketin noutaja on muu kuin osoitekorttiin merkitty vastaanottaja, t\u00e4ytyy paketin noutajalla olla henkil\u00f6todistuksensa lis\u00e4ksi valtakirja.<\/p>\n<h2>Matkahuollon jakopaketti 14,90 \u20ac<\/h2>\n<p>Kuluttajajakelussa vastaanottajalle ilmoitetaan saapuneesta paketista puhelimitse ja sovitaan jakeluaika. Yritysasiakkaalle ei ilmoiteta paketin saapumisesta erikseen vaan paketti jaetaan klo 8.00-16.00.<\/p>\n<h2>Nouto myym\u00e4l\u00e4st\u00e4 0 \u20ac<\/h2>\n<p>Tuotteen voi noutaa kivijalkamyym\u00e4l\u00e4st\u00e4mme myym\u00e4l\u00e4n aukioloaika 9.00 \u2013 17.00. Tarkasta poikkeusaikataulut, jotka ilmoitamme yleens\u00e4 nettisivujemme etusivulla &gt; ortofix.fi n. vuorokautta aikaisemmin. Ilmoitamme sinulle soittamalla tai viestill\u00e4, kun tilaamasi tuote on valmiina noudettavissa.<\/p>\n","protected":false},"excerpt":{"rendered":"<p>Tilaamasi tuotteiden toimitusaika on 1-2 viikkoa. Poikkeuksellisista toimitusajoista on maininta tuotteen kohdalla verkkokaupassa. Saat toimituksen mukana l\u00e4hetysvahvistuksen, joka toimii kuittina ostoksestasi ja mahdollisena takuutodistuksena. Tilauksen j\u00e4lkeen saat s\u00e4hk\u00f6postiisi tilausvahvistuksen. Pyrimme aina mahdollisimman pikaiseen toimitukseen. Olemme asiakkaisiin mahdollisimman pikaisesti yhteydess\u00e4 s\u00e4hk\u00f6postitse tai puhelimitse mik\u00e4li havaitsemme toimitusajan kest\u00e4v\u00e4n normaalia pidemp\u00e4\u00e4n. Toimitamme tilauksia vain Suomeen ja toistaiseksi emme [&hellip;]<\/p>\n","protected":false},"author":1,"featured_media":0,"parent":0,"menu_order":0,"comment_status":"closed","ping_status":"closed","template":"","meta":{"footnotes":""},"class_list":["post-591","page","type-page","status-publish","hentry"],"yoast_head":"<!-- This site is optimized with the Yoast SEO plugin v26.4 - https:\/\/yoast.com\/wordpress\/plugins\/seo\/ -->\n<title>Toimitustavat - Ortofix<\/title>\n<meta name=\"robots\" content=\"index, follow, max-snippet:-1, max-image-preview:large, max-video-preview:-1\" \/>\n<link rel=\"canonical\" href=\"https:\/\/ortofix.fi\/kauppa\/toimitus-ja-maksutavat\/\" \/>\n<meta property=\"og:locale\" content=\"fi_FI\" \/>\n<meta property=\"og:type\" content=\"article\" \/>\n<meta property=\"og:title\" content=\"Toimitustavat - Ortofix\" \/>\n<meta property=\"og:description\" content=\"Tilaamasi tuotteiden toimitusaika on 1-2 viikkoa. Poikkeuksellisista toimitusajoista on maininta tuotteen kohdalla verkkokaupassa. Saat toimituksen mukana l\u00e4hetysvahvistuksen, joka toimii kuittina ostoksestasi ja mahdollisena takuutodistuksena. Tilauksen j\u00e4lkeen saat s\u00e4hk\u00f6postiisi tilausvahvistuksen. Pyrimme aina mahdollisimman pikaiseen toimitukseen. Olemme asiakkaisiin mahdollisimman pikaisesti yhteydess\u00e4 s\u00e4hk\u00f6postitse tai puhelimitse mik\u00e4li havaitsemme toimitusajan kest\u00e4v\u00e4n normaalia pidemp\u00e4\u00e4n. Toimitamme tilauksia vain Suomeen ja toistaiseksi emme [&hellip;]\" \/>\n<meta property=\"og:url\" content=\"https:\/\/ortofix.fi\/kauppa\/toimitus-ja-maksutavat\/\" \/>\n<meta property=\"og:site_name\" content=\"Ortofix\" \/>\n<meta property=\"article:modified_time\" content=\"2023-08-31T09:13:20+00:00\" \/>\n<meta name=\"twitter:card\" content=\"summary_large_image\" \/>\n<meta name=\"twitter:label1\" content=\"Arvioitu lukuaika\" \/>\n\t<meta name=\"twitter:data1\" content=\"2 minuuttia\" \/>\n<script type=\"application\/ld+json\" class=\"yoast-schema-graph\">{\"@context\":\"https:\/\/schema.org\",\"@graph\":[{\"@type\":\"WebPage\",\"@id\":\"https:\/\/ortofix.fi\/kauppa\/toimitus-ja-maksutavat\/\",\"url\":\"https:\/\/ortofix.fi\/kauppa\/toimitus-ja-maksutavat\/\",\"name\":\"Toimitustavat - Ortofix\",\"isPartOf\":{\"@id\":\"https:\/\/ortofix.fi\/kauppa\/#website\"},\"datePublished\":\"2017-11-17T22:15:45+00:00\",\"dateModified\":\"2023-08-31T09:13:20+00:00\",\"breadcrumb\":{\"@id\":\"https:\/\/ortofix.fi\/kauppa\/toimitus-ja-maksutavat\/#breadcrumb\"},\"inLanguage\":\"fi\",\"potentialAction\":[{\"@type\":\"ReadAction\",\"target\":[\"https:\/\/ortofix.fi\/kauppa\/toimitus-ja-maksutavat\/\"]}]},{\"@type\":\"BreadcrumbList\",\"@id\":\"https:\/\/ortofix.fi\/kauppa\/toimitus-ja-maksutavat\/#breadcrumb\",\"itemListElement\":[{\"@type\":\"ListItem\",\"position\":1,\"name\":\"Home\",\"item\":\"https:\/\/ortofix.fi\/kauppa\/\"},{\"@type\":\"ListItem\",\"position\":2,\"name\":\"Toimitustavat\"}]},{\"@type\":\"WebSite\",\"@id\":\"https:\/\/ortofix.fi\/kauppa\/#website\",\"url\":\"https:\/\/ortofix.fi\/kauppa\/\",\"name\":\"Ortofix\",\"description\":\"\",\"potentialAction\":[{\"@type\":\"SearchAction\",\"target\":{\"@type\":\"EntryPoint\",\"urlTemplate\":\"https:\/\/ortofix.fi\/kauppa\/?s={search_term_string}\"},\"query-input\":{\"@type\":\"PropertyValueSpecification\",\"valueRequired\":true,\"valueName\":\"search_term_string\"}}],\"inLanguage\":\"fi\"}]}<\/script>\n<!-- \/ Yoast SEO plugin. -->","yoast_head_json":{"title":"Toimitustavat - Ortofix","robots":{"index":"index","follow":"follow","max-snippet":"max-snippet:-1","max-image-preview":"max-image-preview:large","max-video-preview":"max-video-preview:-1"},"canonical":"https:\/\/ortofix.fi\/kauppa\/toimitus-ja-maksutavat\/","og_locale":"fi_FI","og_type":"article","og_title":"Toimitustavat - Ortofix","og_description":"Tilaamasi tuotteiden toimitusaika on 1-2 viikkoa. Poikkeuksellisista toimitusajoista on maininta tuotteen kohdalla verkkokaupassa. Saat toimituksen mukana l\u00e4hetysvahvistuksen, joka toimii kuittina ostoksestasi ja mahdollisena takuutodistuksena. Tilauksen j\u00e4lkeen saat s\u00e4hk\u00f6postiisi tilausvahvistuksen. Pyrimme aina mahdollisimman pikaiseen toimitukseen. Olemme asiakkaisiin mahdollisimman pikaisesti yhteydess\u00e4 s\u00e4hk\u00f6postitse tai puhelimitse mik\u00e4li havaitsemme toimitusajan kest\u00e4v\u00e4n normaalia pidemp\u00e4\u00e4n. Toimitamme tilauksia vain Suomeen ja toistaiseksi emme [&hellip;]","og_url":"https:\/\/ortofix.fi\/kauppa\/toimitus-ja-maksutavat\/","og_site_name":"Ortofix","article_modified_time":"2023-08-31T09:13:20+00:00","twitter_card":"summary_large_image","twitter_misc":{"Arvioitu lukuaika":"2 minuuttia"},"schema":{"@context":"https:\/\/schema.org","@graph":[{"@type":"WebPage","@id":"https:\/\/ortofix.fi\/kauppa\/toimitus-ja-maksutavat\/","url":"https:\/\/ortofix.fi\/kauppa\/toimitus-ja-maksutavat\/","name":"Toimitustavat - Ortofix","isPartOf":{"@id":"https:\/\/ortofix.fi\/kauppa\/#website"},"datePublished":"2017-11-17T22:15:45+00:00","dateModified":"2023-08-31T09:13:20+00:00","breadcrumb":{"@id":"https:\/\/ortofix.fi\/kauppa\/toimitus-ja-maksutavat\/#breadcrumb"},"inLanguage":"fi","potentialAction":[{"@type":"ReadAction","target":["https:\/\/ortofix.fi\/kauppa\/toimitus-ja-maksutavat\/"]}]},{"@type":"BreadcrumbList","@id":"https:\/\/ortofix.fi\/kauppa\/toimitus-ja-maksutavat\/#breadcrumb","itemListElement":[{"@type":"ListItem","position":1,"name":"Home","item":"https:\/\/ortofix.fi\/kauppa\/"},{"@type":"ListItem","position":2,"name":"Toimitustavat"}]},{"@type":"WebSite","@id":"https:\/\/ortofix.fi\/kauppa\/#website","url":"https:\/\/ortofix.fi\/kauppa\/","name":"Ortofix","description":"","potentialAction":[{"@type":"SearchAction","target":{"@type":"EntryPoint","urlTemplate":"https:\/\/ortofix.fi\/kauppa\/?s={search_term_string}"},"query-input":{"@type":"PropertyValueSpecification","valueRequired":true,"valueName":"search_term_string"}}],"inLanguage":"fi"}]}},"_links":{"self":[{"href":"https:\/\/ortofix.fi\/kauppa\/wp-json\/wp\/v2\/pages\/591","targetHints":{"allow":["GET"]}}],"collection":[{"href":"https:\/\/ortofix.fi\/kauppa\/wp-json\/wp\/v2\/pages"}],"about":[{"href":"https:\/\/ortofix.fi\/kauppa\/wp-json\/wp\/v2\/types\/page"}],"author":[{"embeddable":true,"href":"https:\/\/ortofix.fi\/kauppa\/wp-json\/wp\/v2\/users\/1"}],"replies":[{"embeddable":true,"href":"https:\/\/ortofix.fi\/kauppa\/wp-json\/wp\/v2\/comments?post=591"}],"version-history":[{"count":11,"href":"https:\/\/ortofix.fi\/kauppa\/wp-json\/wp\/v2\/pages\/591\/revisions"}],"predecessor-version":[{"id":9971,"href":"https:\/\/ortofix.fi\/kauppa\/wp-json\/wp\/v2\/pages\/591\/revisions\/9971"}],"wp:attachment":[{"href":"https:\/\/ortofix.fi\/kauppa\/wp-json\/wp\/v2\/media?parent=591"}],"curies":[{"name":"wp","href":"https:\/\/api.w.org\/{rel}","templated":true}]}}