{"id":18,"date":"2017-09-19T12:43:20","date_gmt":"2017-09-19T09:43:20","guid":{"rendered":"http:\/\/ortofix.fi\/kauppa\/?page_id=18"},"modified":"2018-09-06T14:18:22","modified_gmt":"2018-09-06T11:18:22","slug":"rekisteriseloste","status":"publish","type":"page","link":"https:\/\/ortofix.fi\/kauppa\/rekisteriseloste\/","title":{"rendered":"Rekisteriseloste"},"content":{"rendered":"<h1><\/h1>\n<h1>Apuv\u00e4line ja Fysio Ortofix \u2013 verkkokaupan rekisteriseloste<\/h1>\n<p>&nbsp;<\/p>\n<h2>EU:n tietosuoja-asetuksen (2016\/679) mukainen rekisteriseloste<\/h2>\n<p>&nbsp;<\/p>\n<h3>1. Rekisterinpit\u00e4j\u00e4<\/h3>\n<ul>\n<li>Nimi: Apuv\u00e4line ja Fysio Ortofix Oy<\/li>\n<li>osoite: Palokunnankatu 15, 13100 HML<\/li>\n<li>Y-tunnus: 2775849-5<\/li>\n<li>Puhelin: 0449765215<\/li>\n<\/ul>\n<h3>2. Yhteyshenkil\u00f6 rekisteri\u00e4 koskevissa asioissa<\/h3>\n<ul>\n<li>Alexander Kurtz<\/li>\n<li>Puhelin: 0449765215 (9.00 \u2013 17.00) tai<\/li>\n<li>info@ortofix.fi<\/li>\n<\/ul>\n<h3>3. Rekisterin nimi<\/h3>\n<ul>\n<li>Apuv\u00e4line ja Fysio Ortofix Oy:n &#8211; verkkokaupan asiakasrekisteri<\/li>\n<\/ul>\n<h3>4. Henkil\u00f6tietojen k\u00e4sittelyn tarkoitus<\/h3>\n<p>Asiakasrekisteri\u00e4 k\u00e4ytet\u00e4\u00e4n Apuv\u00e4line ja Fysio Ortofix Oy:n &#8211; verkkokaupan ja asiakkaan v\u00e4liseen asiakassuhteen yll\u00e4pitoon, tilausten k\u00e4sittelyyn, laskutukseen ja erikseen luvan antaneille markkinointiin. Tietoja voidaan k\u00e4ytt\u00e4\u00e4 Apuv\u00e4line ja Fysio Ortofix Oy:n &#8211; verkkokaupan toiminnan kehitt\u00e4miseen liittyen ja tilastollisiin tarkoituksiin. Henkil\u00f6tietoja k\u00e4sitell\u00e4\u00e4n EU:n tietosuoja-asetuksen (2016\/679) sallimissa ja edellytt\u00e4miss\u00e4 rajoissa.<\/p>\n<h3>5. Rekisterin tietosis\u00e4lt\u00f6<\/h3>\n<ul>\n<li>Asiakkaan etu- ja sukunimi<\/li>\n<li>Osoite<\/li>\n<li>Puhelinnumero<\/li>\n<li>S\u00e4hk\u00f6postiosoite<\/li>\n<li>Asiakkaan tekemien tilausten tiedot<\/li>\n<\/ul>\n<h3>6. S\u00e4\u00e4nn\u00f6nmukaiset tietol\u00e4hteet<\/h3>\n<p>Asiakasrekisterin yhteys- ja asiakkuustiedot saadaan asiakkaan rekister\u00f6ityess\u00e4 Apuv\u00e4line ja Fysio Ortofix Oy:n \u2013 verkkokauppaan ja tilatessaan sen tuotteita.<\/p>\n<h3>7. Tietojen s\u00e4\u00e4nn\u00f6nmukaiset luovutukset<\/h3>\n<p>Asiakkaan tietoja ei luovuteta yrityksen tai sen k\u00e4ytt\u00e4mien palveluntarjoajien ulkopuolelle, ellei laki niin vaadi. Lis\u00e4ksi tietoja voidaan luovuttaa ostotapahtumassa olevien ep\u00e4selvyyksien selvitt\u00e4miseksi.<\/p>\n<p>Tietoja voidaan luovuttaa n\u00e4ht\u00e4v\u00e4ksi rekisteriss\u00e4 oleville henkil\u00f6ille tarkistusta varten. Tarvittaessa tiedot voidaan poistaa j\u00e4rjestelm\u00e4st\u00e4 pyydett\u00e4ess\u00e4.<\/p>\n<h3>8. Tietojen siirto EU:n tai ETA:n ulkopuolelle<\/h3>\n<p>J\u00e4rjestelm\u00e4st\u00e4 ei luovuteta tietoja EU:n tai ETA:n ulkopuolelle<\/p>\n<h3>9. Rekisterin suojauksen periaatteet<\/h3>\n<p>Rekisteri\u00e4 ei luovuteta sivullisille, ellei laki niin m\u00e4\u00e4r\u00e4\u00e4. Asiakastiedot ovat tallennettuna salasanoilla suojattuihin atk-j\u00e4rjestelmiin.<\/p>\n","protected":false},"excerpt":{"rendered":"<p>Apuv\u00e4line ja Fysio Ortofix \u2013 verkkokaupan rekisteriseloste &nbsp; EU:n tietosuoja-asetuksen (2016\/679) mukainen rekisteriseloste &nbsp; 1. Rekisterinpit\u00e4j\u00e4 Nimi: Apuv\u00e4line ja Fysio Ortofix Oy osoite: Palokunnankatu 15, 13100 HML Y-tunnus: 2775849-5 Puhelin: 0449765215 2. Yhteyshenkil\u00f6 rekisteri\u00e4 koskevissa asioissa Alexander Kurtz Puhelin: 0449765215 (9.00 \u2013 17.00) tai info@ortofix.fi 3. Rekisterin nimi Apuv\u00e4line ja Fysio Ortofix Oy:n &#8211; verkkokaupan [&hellip;]<\/p>\n","protected":false},"author":1,"featured_media":0,"parent":0,"menu_order":0,"comment_status":"closed","ping_status":"closed","template":"","meta":{"footnotes":""},"class_list":["post-18","page","type-page","status-publish","hentry"],"yoast_head":"<!-- This site is optimized with the Yoast SEO plugin v26.4 - https:\/\/yoast.com\/wordpress\/plugins\/seo\/ -->\n<title>Rekisteriseloste - Ortofix<\/title>\n<meta name=\"robots\" content=\"index, follow, max-snippet:-1, max-image-preview:large, max-video-preview:-1\" \/>\n<link rel=\"canonical\" href=\"https:\/\/ortofix.fi\/kauppa\/rekisteriseloste\/\" \/>\n<meta property=\"og:locale\" content=\"fi_FI\" \/>\n<meta property=\"og:type\" content=\"article\" \/>\n<meta property=\"og:title\" content=\"Rekisteriseloste - Ortofix\" \/>\n<meta property=\"og:description\" content=\"Apuv\u00e4line ja Fysio Ortofix \u2013 verkkokaupan rekisteriseloste &nbsp; EU:n tietosuoja-asetuksen (2016\/679) mukainen rekisteriseloste &nbsp; 1. Rekisterinpit\u00e4j\u00e4 Nimi: Apuv\u00e4line ja Fysio Ortofix Oy osoite: Palokunnankatu 15, 13100 HML Y-tunnus: 2775849-5 Puhelin: 0449765215 2. Yhteyshenkil\u00f6 rekisteri\u00e4 koskevissa asioissa Alexander Kurtz Puhelin: 0449765215 (9.00 \u2013 17.00) tai info@ortofix.fi 3. Rekisterin nimi Apuv\u00e4line ja Fysio Ortofix Oy:n &#8211; verkkokaupan [&hellip;]\" \/>\n<meta property=\"og:url\" content=\"https:\/\/ortofix.fi\/kauppa\/rekisteriseloste\/\" \/>\n<meta property=\"og:site_name\" content=\"Ortofix\" \/>\n<meta property=\"article:modified_time\" content=\"2018-09-06T11:18:22+00:00\" \/>\n<meta name=\"twitter:card\" content=\"summary_large_image\" \/>\n<meta name=\"twitter:label1\" content=\"Arvioitu lukuaika\" \/>\n\t<meta name=\"twitter:data1\" content=\"1 minuutti\" \/>\n<script type=\"application\/ld+json\" class=\"yoast-schema-graph\">{\"@context\":\"https:\/\/schema.org\",\"@graph\":[{\"@type\":\"WebPage\",\"@id\":\"https:\/\/ortofix.fi\/kauppa\/rekisteriseloste\/\",\"url\":\"https:\/\/ortofix.fi\/kauppa\/rekisteriseloste\/\",\"name\":\"Rekisteriseloste - Ortofix\",\"isPartOf\":{\"@id\":\"https:\/\/ortofix.fi\/kauppa\/#website\"},\"datePublished\":\"2017-09-19T09:43:20+00:00\",\"dateModified\":\"2018-09-06T11:18:22+00:00\",\"breadcrumb\":{\"@id\":\"https:\/\/ortofix.fi\/kauppa\/rekisteriseloste\/#breadcrumb\"},\"inLanguage\":\"fi\",\"potentialAction\":[{\"@type\":\"ReadAction\",\"target\":[\"https:\/\/ortofix.fi\/kauppa\/rekisteriseloste\/\"]}]},{\"@type\":\"BreadcrumbList\",\"@id\":\"https:\/\/ortofix.fi\/kauppa\/rekisteriseloste\/#breadcrumb\",\"itemListElement\":[{\"@type\":\"ListItem\",\"position\":1,\"name\":\"Home\",\"item\":\"https:\/\/ortofix.fi\/kauppa\/\"},{\"@type\":\"ListItem\",\"position\":2,\"name\":\"Rekisteriseloste\"}]},{\"@type\":\"WebSite\",\"@id\":\"https:\/\/ortofix.fi\/kauppa\/#website\",\"url\":\"https:\/\/ortofix.fi\/kauppa\/\",\"name\":\"Ortofix\",\"description\":\"\",\"potentialAction\":[{\"@type\":\"SearchAction\",\"target\":{\"@type\":\"EntryPoint\",\"urlTemplate\":\"https:\/\/ortofix.fi\/kauppa\/?s={search_term_string}\"},\"query-input\":{\"@type\":\"PropertyValueSpecification\",\"valueRequired\":true,\"valueName\":\"search_term_string\"}}],\"inLanguage\":\"fi\"}]}<\/script>\n<!-- \/ Yoast SEO plugin. -->","yoast_head_json":{"title":"Rekisteriseloste - Ortofix","robots":{"index":"index","follow":"follow","max-snippet":"max-snippet:-1","max-image-preview":"max-image-preview:large","max-video-preview":"max-video-preview:-1"},"canonical":"https:\/\/ortofix.fi\/kauppa\/rekisteriseloste\/","og_locale":"fi_FI","og_type":"article","og_title":"Rekisteriseloste - Ortofix","og_description":"Apuv\u00e4line ja Fysio Ortofix \u2013 verkkokaupan rekisteriseloste &nbsp; EU:n tietosuoja-asetuksen (2016\/679) mukainen rekisteriseloste &nbsp; 1. Rekisterinpit\u00e4j\u00e4 Nimi: Apuv\u00e4line ja Fysio Ortofix Oy osoite: Palokunnankatu 15, 13100 HML Y-tunnus: 2775849-5 Puhelin: 0449765215 2. Yhteyshenkil\u00f6 rekisteri\u00e4 koskevissa asioissa Alexander Kurtz Puhelin: 0449765215 (9.00 \u2013 17.00) tai info@ortofix.fi 3. Rekisterin nimi Apuv\u00e4line ja Fysio Ortofix Oy:n &#8211; verkkokaupan [&hellip;]","og_url":"https:\/\/ortofix.fi\/kauppa\/rekisteriseloste\/","og_site_name":"Ortofix","article_modified_time":"2018-09-06T11:18:22+00:00","twitter_card":"summary_large_image","twitter_misc":{"Arvioitu lukuaika":"1 minuutti"},"schema":{"@context":"https:\/\/schema.org","@graph":[{"@type":"WebPage","@id":"https:\/\/ortofix.fi\/kauppa\/rekisteriseloste\/","url":"https:\/\/ortofix.fi\/kauppa\/rekisteriseloste\/","name":"Rekisteriseloste - Ortofix","isPartOf":{"@id":"https:\/\/ortofix.fi\/kauppa\/#website"},"datePublished":"2017-09-19T09:43:20+00:00","dateModified":"2018-09-06T11:18:22+00:00","breadcrumb":{"@id":"https:\/\/ortofix.fi\/kauppa\/rekisteriseloste\/#breadcrumb"},"inLanguage":"fi","potentialAction":[{"@type":"ReadAction","target":["https:\/\/ortofix.fi\/kauppa\/rekisteriseloste\/"]}]},{"@type":"BreadcrumbList","@id":"https:\/\/ortofix.fi\/kauppa\/rekisteriseloste\/#breadcrumb","itemListElement":[{"@type":"ListItem","position":1,"name":"Home","item":"https:\/\/ortofix.fi\/kauppa\/"},{"@type":"ListItem","position":2,"name":"Rekisteriseloste"}]},{"@type":"WebSite","@id":"https:\/\/ortofix.fi\/kauppa\/#website","url":"https:\/\/ortofix.fi\/kauppa\/","name":"Ortofix","description":"","potentialAction":[{"@type":"SearchAction","target":{"@type":"EntryPoint","urlTemplate":"https:\/\/ortofix.fi\/kauppa\/?s={search_term_string}"},"query-input":{"@type":"PropertyValueSpecification","valueRequired":true,"valueName":"search_term_string"}}],"inLanguage":"fi"}]}},"_links":{"self":[{"href":"https:\/\/ortofix.fi\/kauppa\/wp-json\/wp\/v2\/pages\/18","targetHints":{"allow":["GET"]}}],"collection":[{"href":"https:\/\/ortofix.fi\/kauppa\/wp-json\/wp\/v2\/pages"}],"about":[{"href":"https:\/\/ortofix.fi\/kauppa\/wp-json\/wp\/v2\/types\/page"}],"author":[{"embeddable":true,"href":"https:\/\/ortofix.fi\/kauppa\/wp-json\/wp\/v2\/users\/1"}],"replies":[{"embeddable":true,"href":"https:\/\/ortofix.fi\/kauppa\/wp-json\/wp\/v2\/comments?post=18"}],"version-history":[{"count":7,"href":"https:\/\/ortofix.fi\/kauppa\/wp-json\/wp\/v2\/pages\/18\/revisions"}],"predecessor-version":[{"id":1533,"href":"https:\/\/ortofix.fi\/kauppa\/wp-json\/wp\/v2\/pages\/18\/revisions\/1533"}],"wp:attachment":[{"href":"https:\/\/ortofix.fi\/kauppa\/wp-json\/wp\/v2\/media?parent=18"}],"curies":[{"name":"wp","href":"https:\/\/api.w.org\/{rel}","templated":true}]}}