{"id":13,"date":"2017-09-19T12:42:55","date_gmt":"2017-09-19T09:42:55","guid":{"rendered":"http:\/\/ortofix.fi\/kauppa\/?page_id=13"},"modified":"2026-02-20T10:58:19","modified_gmt":"2026-02-20T08:58:19","slug":"etusivu","status":"publish","type":"page","link":"https:\/\/ortofix.fi\/kauppa\/","title":{"rendered":"Etusivu"},"content":{"rendered":"<\/div><\/div><\/div><!-- close content main div --><\/div><\/div><div id='etusivu-top' class='avia-section main_color avia-section-huge avia-no-shadow avia-full-stretch av-section-color-overlay-active avia-bg-style-scroll   av-minimum-height av-minimum-height-custom container_wrap fullsize' style = 'background-repeat: no-repeat; background-image: url(https:\/\/ortofix.fi\/kauppa\/wp-content\/uploads\/2017\/09\/ortofix-etusivu-slide1.jpg); background-attachment: scroll; background-position: center center; ' data-section-bg-repeat='stretch' ><div class='av-section-color-overlay-wrap'><div class='av-section-color-overlay' style='opacity: 0.2; background-color: #ffffff; '><\/div><div class='container' style='height:500px'><div class='template-page content  av-content-full alpha units'><div class='post-entry post-entry-type-page post-entry-13'><div class='entry-content-wrapper clearfix'>\n<section class=\"av_textblock_section \"  itemscope=\"itemscope\" itemtype=\"https:\/\/schema.org\/CreativeWork\" ><div class='avia_textblock  '   itemprop=\"text\" ><h1 style=\"text-align: center;\">Apuv\u00e4lineiden verkkokauppa on muuttanut!<\/h1>\n<p style=\"text-align: center;\">Ortofix ja Linctus yhdistiv\u00e4t voimansa. Jatkossa l\u00f6yd\u00e4t laadukkaat ja monipuoliset apuv\u00e4linevalikoimat osoitteesta <a href=\"https:\/\/linctus.fi\" target=\"_blank\" rel=\"noopener\">linctus.fi<\/a><\/p>\n<\/div><\/section>\n<div style='height:40px' class='hr hr-invisible  '><span class='hr-inner ' ><span class='hr-inner-style'><\/span><\/span><\/div>\n<div class='avia-button-wrap avia-button-center '><a href='#tuoteryhmat' class='avia-button   avia-icon_select-no avia-color-dark avia-size-small avia-position-center '   ><span class='avia_iconbox_title' >Tutustu tuotevalikoimaamme<\/span><\/a><\/div>\n\n<\/div><\/div><\/div><!-- close content main div --><\/div><\/div><\/div><div id='blue-ribbon' class='avia-section main_color avia-section-large avia-no-border-styling avia-bg-style-scroll   container_wrap fullsize' style = 'background-color: #1d97c3; '  ><div class='container' ><div class='template-page content  av-content-full alpha units'><div class='post-entry post-entry-type-page post-entry-13'><div class='entry-content-wrapper clearfix'>\n<section class=\"av_textblock_section \"  itemscope=\"itemscope\" itemtype=\"https:\/\/schema.org\/CreativeWork\" ><div class='avia_textblock  av_inherit_color '  style='color:#ffffff; '  itemprop=\"text\" ><h2 style=\"text-align: center;\"><em>Tutustu my\u00f6s apuv\u00e4line- ja fysioterapiapalveluihimme osoitteessa <a href=\"https:\/\/ortofix.fi\">ortofix.fi<\/a><\/em><\/h2>\n<\/div><\/section>\n<\/div><\/div><\/div><!-- close content main div --><\/div><\/div><div id='tuoteryhmat' class='avia-section main_color avia-section-no-padding avia-no-shadow avia-bg-style-scroll   container_wrap fullsize'   ><div class='container' ><div class='template-page content  av-content-full alpha units'><div class='post-entry post-entry-type-page post-entry-13'><div class='entry-content-wrapper clearfix'>\n<section class=\"av_textblock_section \"  itemscope=\"itemscope\" itemtype=\"https:\/\/schema.org\/CreativeWork\" ><div class='avia_textblock  '   itemprop=\"text\" ><h2 style=\"text-align: center;\">Tuoteryhm\u00e4t<\/h2>\n<p style=\"text-align: center;\">\n\t\t<div class=\"woocommerce columns-6\">\n\t\t<ul class=\"products\">\n  \n\t\t\t\t<li class=\"product-category product first\">\n\t\t\t\t\t<a href=\"https:\/\/ortofix.fi\/kauppa\/tuote-osasto\/lahjakortit\/\"><img loading=\"lazy\" decoding=\"async\" width=\"240\" height=\"240\" src=\"https:\/\/ortofix.fi\/kauppa\/wp-content\/uploads\/2020\/11\/lahjakortti-240x240.png\" class=\"category_thumb\" alt=\"\" srcset=\"https:\/\/ortofix.fi\/kauppa\/wp-content\/uploads\/2020\/11\/lahjakortti-240x240.png 240w, https:\/\/ortofix.fi\/kauppa\/wp-content\/uploads\/2020\/11\/lahjakortti-300x300.png 300w, https:\/\/ortofix.fi\/kauppa\/wp-content\/uploads\/2020\/11\/lahjakortti-36x36.png 36w, https:\/\/ortofix.fi\/kauppa\/wp-content\/uploads\/2020\/11\/lahjakortti-180x180.png 180w, https:\/\/ortofix.fi\/kauppa\/wp-content\/uploads\/2020\/11\/lahjakortti-100x100.png 100w, https:\/\/ortofix.fi\/kauppa\/wp-content\/uploads\/2020\/11\/lahjakortti-450x450.png 450w, https:\/\/ortofix.fi\/kauppa\/wp-content\/uploads\/2020\/11\/lahjakortti.png 512w\" sizes=\"auto, (max-width: 240px) 100vw, 240px\" \/>\n\t\t\t\t\t<h2 class=\"woocommerce-loop-category__title\">Lahjakortit<\/h2>\n\t\t\t\t<\/a>\n\t\t\t<\/li>\n\t\t<\/div>\n\t<\/ul>\n <\/p>\n<\/div><\/section>\n<\/p>\n","protected":false},"excerpt":{"rendered":"","protected":false},"author":1,"featured_media":0,"parent":0,"menu_order":0,"comment_status":"closed","ping_status":"closed","template":"","meta":{"footnotes":""},"class_list":["post-13","page","type-page","status-publish","hentry"],"yoast_head":"<!-- This site is optimized with the Yoast SEO plugin v26.4 - https:\/\/yoast.com\/wordpress\/plugins\/seo\/ -->\n<title>Etusivu - Ortofix<\/title>\n<meta name=\"robots\" content=\"index, follow, max-snippet:-1, max-image-preview:large, max-video-preview:-1\" \/>\n<link rel=\"canonical\" href=\"https:\/\/ortofix.fi\/kauppa\/\" \/>\n<meta property=\"og:locale\" content=\"fi_FI\" \/>\n<meta property=\"og:type\" content=\"article\" \/>\n<meta property=\"og:title\" content=\"Etusivu - Ortofix\" \/>\n<meta property=\"og:url\" content=\"https:\/\/ortofix.fi\/kauppa\/\" \/>\n<meta property=\"og:site_name\" content=\"Ortofix\" \/>\n<meta property=\"article:modified_time\" content=\"2026-02-20T08:58:19+00:00\" \/>\n<meta name=\"twitter:card\" content=\"summary_large_image\" \/>\n<meta name=\"twitter:label1\" content=\"Arvioitu lukuaika\" \/>\n\t<meta name=\"twitter:data1\" content=\"2 minuuttia\" \/>\n<script type=\"application\/ld+json\" class=\"yoast-schema-graph\">{\"@context\":\"https:\/\/schema.org\",\"@graph\":[{\"@type\":\"WebPage\",\"@id\":\"https:\/\/ortofix.fi\/kauppa\/\",\"url\":\"https:\/\/ortofix.fi\/kauppa\/\",\"name\":\"Etusivu - Ortofix\",\"isPartOf\":{\"@id\":\"https:\/\/ortofix.fi\/kauppa\/#website\"},\"datePublished\":\"2017-09-19T09:42:55+00:00\",\"dateModified\":\"2026-02-20T08:58:19+00:00\",\"breadcrumb\":{\"@id\":\"https:\/\/ortofix.fi\/kauppa\/#breadcrumb\"},\"inLanguage\":\"fi\",\"potentialAction\":[{\"@type\":\"ReadAction\",\"target\":[\"https:\/\/ortofix.fi\/kauppa\/\"]}]},{\"@type\":\"BreadcrumbList\",\"@id\":\"https:\/\/ortofix.fi\/kauppa\/#breadcrumb\",\"itemListElement\":[{\"@type\":\"ListItem\",\"position\":1,\"name\":\"Home\",\"item\":\"https:\/\/ortofix.fi\/kauppa\/\"},{\"@type\":\"ListItem\",\"position\":2,\"name\":\"Etusivu\"}]},{\"@type\":\"WebSite\",\"@id\":\"https:\/\/ortofix.fi\/kauppa\/#website\",\"url\":\"https:\/\/ortofix.fi\/kauppa\/\",\"name\":\"Ortofix\",\"description\":\"\",\"potentialAction\":[{\"@type\":\"SearchAction\",\"target\":{\"@type\":\"EntryPoint\",\"urlTemplate\":\"https:\/\/ortofix.fi\/kauppa\/?s={search_term_string}\"},\"query-input\":{\"@type\":\"PropertyValueSpecification\",\"valueRequired\":true,\"valueName\":\"search_term_string\"}}],\"inLanguage\":\"fi\"}]}<\/script>\n<!-- \/ Yoast SEO plugin. -->","yoast_head_json":{"title":"Etusivu - Ortofix","robots":{"index":"index","follow":"follow","max-snippet":"max-snippet:-1","max-image-preview":"max-image-preview:large","max-video-preview":"max-video-preview:-1"},"canonical":"https:\/\/ortofix.fi\/kauppa\/","og_locale":"fi_FI","og_type":"article","og_title":"Etusivu - Ortofix","og_url":"https:\/\/ortofix.fi\/kauppa\/","og_site_name":"Ortofix","article_modified_time":"2026-02-20T08:58:19+00:00","twitter_card":"summary_large_image","twitter_misc":{"Arvioitu lukuaika":"2 minuuttia"},"schema":{"@context":"https:\/\/schema.org","@graph":[{"@type":"WebPage","@id":"https:\/\/ortofix.fi\/kauppa\/","url":"https:\/\/ortofix.fi\/kauppa\/","name":"Etusivu - Ortofix","isPartOf":{"@id":"https:\/\/ortofix.fi\/kauppa\/#website"},"datePublished":"2017-09-19T09:42:55+00:00","dateModified":"2026-02-20T08:58:19+00:00","breadcrumb":{"@id":"https:\/\/ortofix.fi\/kauppa\/#breadcrumb"},"inLanguage":"fi","potentialAction":[{"@type":"ReadAction","target":["https:\/\/ortofix.fi\/kauppa\/"]}]},{"@type":"BreadcrumbList","@id":"https:\/\/ortofix.fi\/kauppa\/#breadcrumb","itemListElement":[{"@type":"ListItem","position":1,"name":"Home","item":"https:\/\/ortofix.fi\/kauppa\/"},{"@type":"ListItem","position":2,"name":"Etusivu"}]},{"@type":"WebSite","@id":"https:\/\/ortofix.fi\/kauppa\/#website","url":"https:\/\/ortofix.fi\/kauppa\/","name":"Ortofix","description":"","potentialAction":[{"@type":"SearchAction","target":{"@type":"EntryPoint","urlTemplate":"https:\/\/ortofix.fi\/kauppa\/?s={search_term_string}"},"query-input":{"@type":"PropertyValueSpecification","valueRequired":true,"valueName":"search_term_string"}}],"inLanguage":"fi"}]}},"_links":{"self":[{"href":"https:\/\/ortofix.fi\/kauppa\/wp-json\/wp\/v2\/pages\/13","targetHints":{"allow":["GET"]}}],"collection":[{"href":"https:\/\/ortofix.fi\/kauppa\/wp-json\/wp\/v2\/pages"}],"about":[{"href":"https:\/\/ortofix.fi\/kauppa\/wp-json\/wp\/v2\/types\/page"}],"author":[{"embeddable":true,"href":"https:\/\/ortofix.fi\/kauppa\/wp-json\/wp\/v2\/users\/1"}],"replies":[{"embeddable":true,"href":"https:\/\/ortofix.fi\/kauppa\/wp-json\/wp\/v2\/comments?post=13"}],"version-history":[{"count":22,"href":"https:\/\/ortofix.fi\/kauppa\/wp-json\/wp\/v2\/pages\/13\/revisions"}],"predecessor-version":[{"id":10404,"href":"https:\/\/ortofix.fi\/kauppa\/wp-json\/wp\/v2\/pages\/13\/revisions\/10404"}],"wp:attachment":[{"href":"https:\/\/ortofix.fi\/kauppa\/wp-json\/wp\/v2\/media?parent=13"}],"curies":[{"name":"wp","href":"https:\/\/api.w.org\/{rel}","templated":true}]}}